{"id":3075,"date":"2020-06-21T11:00:00","date_gmt":"2020-06-21T09:00:00","guid":{"rendered":"https:\/\/nocheinvestigag9.es\/2020\/?page_id=3075"},"modified":"2020-10-16T10:47:44","modified_gmt":"2020-10-16T08:47:44","slug":"el-proyecto","status":"publish","type":"page","link":"https:\/\/nocheinvestigag9.es\/2020\/el-proyecto\/","title":{"rendered":"El Proyecto"},"content":{"rendered":"\n<h2 class=\"wp-block-heading\">\u00bfQui\u00e9nes somos?<\/h2>\n\n\n\n<div class=\"wp-block-image\"><figure class=\"alignleft size-medium\"><img decoding=\"async\" loading=\"lazy\" width=\"300\" height=\"200\" src=\"https:\/\/nocheinvestigag9.es\/2020\/wp-content\/uploads\/IMG_5001-300x200.jpg\" alt=\"\" class=\"wp-image-3451\" srcset=\"https:\/\/nocheinvestigag9.es\/2020\/wp-content\/uploads\/IMG_5001-300x200.jpg 300w, https:\/\/nocheinvestigag9.es\/2020\/wp-content\/uploads\/IMG_5001-1024x683.jpg 1024w, https:\/\/nocheinvestigag9.es\/2020\/wp-content\/uploads\/IMG_5001-768x512.jpg 768w, https:\/\/nocheinvestigag9.es\/2020\/wp-content\/uploads\/IMG_5001-1536x1024.jpg 1536w, https:\/\/nocheinvestigag9.es\/2020\/wp-content\/uploads\/IMG_5001-2048x1365.jpg 2048w, https:\/\/nocheinvestigag9.es\/2020\/wp-content\/uploads\/IMG_5001-696x464.jpg 696w\" sizes=\"(max-width: 300px) 100vw, 300px\" \/><\/figure><\/div>\n\n\n\n<p>Las instituciones que integran el Grupo 9 de Universidades (G-9) se unieron el pasado noviembre en un consorcio para celebrar conjuntamente la Noche Europea de los Investigadores e Investigadoras 2020, coordinadas por la Universidad de Oviedo. La Comisi\u00f3n Europea (CE) financiar\u00e1 las actividades que el Grupo va a desarrollar el 27 de noviembre en 12 ciudades de sus comunidades aut\u00f3nomas, en el marco de la mencionada iniciativa de divulgaci\u00f3n cient\u00edfica y tecnol\u00f3gica. El proyecto se gest\u00f3 dentro del grupo de trabajo de Cultura Cient\u00edfica de la Sectorial de Investigaci\u00f3n del G-9 y constituye uno de los primeros proyectos colaborativos del Grupo 9 de Universidades con financiaci\u00f3n de programas de la Uni\u00f3n Europea.<\/p>\n\n\n\n<p>Las universidades participantes ser\u00e1n las de Cantabria, Castilla-La Mancha, Extremadura, Islas Baleares, Oviedo, Pa\u00eds Vasco, P\u00fablica de Navarra y Zaragoza, con la colaboraci\u00f3n de la Universidad de La Rioja.<\/p>\n\n\n\n<h2 class=\"wp-block-heading\">\u00bfC\u00f3mo lo vamos a hacer?<\/h2>\n\n\n\n<p>El personal investigador de estas universidades dedica la tarde y noche del 27 de noviembre a la divulgaci\u00f3n para mostrar el lado m\u00e1s humano de la ciencia con una programaci\u00f3n variada y equilibrada entre ciencias experimentales y humanidades. As\u00ed, se llevar\u00e1n a cabo talleres, demostraciones, juegos o competiciones con m\u00e1s de un centenar de actividades al alcance de todos los p\u00fablicos, pero prestando especial atenci\u00f3n a los j\u00f3venes en edad escolar.<\/p>\n\n\n\n<p>Previo al gran evento del 27 de noviembre, y durante los meses de septiembre, octubre y noviembre, se organizar\u00e1n diferentes actividades de promoci\u00f3n de la Noche Europea de los &nbsp;Investigadores e Investigadoras; como una retransmisi\u00f3n en directo de mon\u00f3logos cient\u00edficos de los Risarchers de la Universidad de Zaragoza o actividades del Laboratorio S-TEAM en centros educativos promovidos por las universidades participantes del consorcio.<\/p>\n\n\n\n<p>En el apartado de Programaci\u00f3n de esta p\u00e1gina web se puede acceder a los diferentes programas divulgativos de las universidades participantes en el consorcio y a sus acciones conjuntas.<\/p>\n\n\n\n<h2 class=\"wp-block-heading\">\u00bfQui\u00e9nes son los promotores de la actividad?<\/h2>\n\n\n\n<p>La Noche Europea de los Investigadores, que se celebra en m\u00e1s de 370 ciudades del continente, est\u00e1 financiada por la Comisi\u00f3n Europea bajo las Acciones Marie Sk\u0142odowska-Curie (MSCA) -iniciativa para fomentar las carreras cient\u00edficas en Europa-, que se enmarca en Horizonte 2020, Programa Marco de Investigaci\u00f3n e Innovaci\u00f3n de la Uni\u00f3n Europea. Sus principales objetivos son acercar la figura de las investigadoras y los investigadores a la ciudadan\u00eda para que conozca su trabajo y los beneficios que aporta a la sociedad, as\u00ed como fomentar la elecci\u00f3n de una carrera cient\u00edfica entre el estudiantado eliminando las barreras de g\u00e9nero.<\/p>\n\n\n\n<p>En esta convocatoria de la Noche Europea de los Investigadores e Investigadoras 2020, la Comisi\u00f3n Europea contaba con 8M de euros y concurrieron 100 proyectos. En Espa\u00f1a, adem\u00e1s de las Universidades del G9, han recibido financiaci\u00f3n los proyectos presentados por Madrid, Andaluc\u00eda, Canarias, Gerona y Zaragoza.<\/p>\n\n\n\n<p>M\u00e1s informaci\u00f3n sobre el proyecto <em>European Researchers Night<\/em> en:<\/p>\n\n\n\n<p><a href=\"https:\/\/ec.europa.eu\/research\/mariecurieactions\/actions\/european-researchers-night_en\">https:\/\/ec.europa.eu\/research\/mariecurieactions\/actions\/european-researchers-night_en<\/a><\/p>\n\n\n\n<div class=\"wp-block-buttons is-layout-flex\">\n<div class=\"wp-block-button botonrincon is-style-outline\"><a class=\"wp-block-button__link has-background no-border-radius\" href=\"https:\/\/nocheinvestigag9.es\/2020\/otras-noches\/\" style=\"background-color:#dd9933\">OTRAS NOCHES<\/a><\/div>\n<\/div>\n","protected":false},"excerpt":{"rendered":"<p>&iquest;Qui&eacute;nes somos? Las instituciones que integran el Grupo 9 de [&hellip;]<\/p>\n","protected":false},"author":2,"featured_media":0,"parent":0,"menu_order":0,"comment_status":"closed","ping_status":"closed","template":"","meta":[],"acf":[],"yoast_head":"<!-- This site is optimized with the Yoast SEO plugin v20.9 - https:\/\/yoast.com\/wordpress\/plugins\/seo\/ -->\r\n<title>El Proyecto &raquo; Noche Europea de los Investigadores e Investigadoras<\/title>\r\n<meta name=\"robots\" content=\"index, follow, max-snippet:-1, max-image-preview:large, max-video-preview:-1\" \/>\r\n<link rel=\"canonical\" href=\"https:\/\/nocheinvestigag9.es\/2020\/el-proyecto\/\" \/>\r\n<meta property=\"og:locale\" content=\"es_ES\" \/>\r\n<meta property=\"og:type\" content=\"article\" \/>\r\n<meta property=\"og:title\" content=\"El Proyecto &raquo; Noche Europea de los Investigadores e Investigadoras\" \/>\r\n<meta property=\"og:description\" content=\"&iquest;Qui&eacute;nes somos? Las instituciones que integran el Grupo 9 de [&hellip;]\" \/>\r\n<meta property=\"og:url\" content=\"https:\/\/nocheinvestigag9.es\/2020\/el-proyecto\/\" \/>\r\n<meta property=\"og:site_name\" content=\"Noche Europea de los Investigadores e Investigadoras\" \/>\r\n<meta property=\"article:modified_time\" content=\"2020-10-16T08:47:44+00:00\" \/>\r\n<meta property=\"og:image\" content=\"https:\/\/nocheinvestigag9.es\/2020\/wp-content\/uploads\/IMG_5001-300x200.jpg\" \/>\r\n<meta name=\"twitter:card\" content=\"summary_large_image\" \/>\r\n<meta name=\"twitter:label1\" content=\"Tiempo de lectura\" \/>\n\t<meta name=\"twitter:data1\" content=\"3 minutos\" \/>\r\n<script type=\"application\/ld+json\" class=\"yoast-schema-graph\">{\"@context\":\"https:\/\/schema.org\",\"@graph\":[{\"@type\":\"WebPage\",\"@id\":\"https:\/\/nocheinvestigag9.es\/2020\/el-proyecto\/\",\"url\":\"https:\/\/nocheinvestigag9.es\/2020\/el-proyecto\/\",\"name\":\"El Proyecto &raquo; Noche Europea de los Investigadores e Investigadoras\",\"isPartOf\":{\"@id\":\"https:\/\/nocheinvestigag9.es\/2020\/#website\"},\"datePublished\":\"2020-06-21T09:00:00+00:00\",\"dateModified\":\"2020-10-16T08:47:44+00:00\",\"breadcrumb\":{\"@id\":\"https:\/\/nocheinvestigag9.es\/2020\/el-proyecto\/#breadcrumb\"},\"inLanguage\":\"es\",\"potentialAction\":[{\"@type\":\"ReadAction\",\"target\":[\"https:\/\/nocheinvestigag9.es\/2020\/el-proyecto\/\"]}]},{\"@type\":\"BreadcrumbList\",\"@id\":\"https:\/\/nocheinvestigag9.es\/2020\/el-proyecto\/#breadcrumb\",\"itemListElement\":[{\"@type\":\"ListItem\",\"position\":1,\"name\":\"Portada\",\"item\":\"https:\/\/nocheinvestigag9.es\/2020\/\"},{\"@type\":\"ListItem\",\"position\":2,\"name\":\"El Proyecto\"}]},{\"@type\":\"WebSite\",\"@id\":\"https:\/\/nocheinvestigag9.es\/2020\/#website\",\"url\":\"https:\/\/nocheinvestigag9.es\/2020\/\",\"name\":\"Noche Europea de los Investigadores e Investigadoras\",\"description\":\"Grupo G9 de universidades\",\"publisher\":{\"@id\":\"https:\/\/nocheinvestigag9.es\/2020\/#organization\"},\"potentialAction\":[{\"@type\":\"SearchAction\",\"target\":{\"@type\":\"EntryPoint\",\"urlTemplate\":\"https:\/\/nocheinvestigag9.es\/2020\/?s={search_term_string}\"},\"query-input\":\"required name=search_term_string\"}],\"inLanguage\":\"es\"},{\"@type\":\"Organization\",\"@id\":\"https:\/\/nocheinvestigag9.es\/2020\/#organization\",\"name\":\"Noche de los Investigadores e Investigadoras\",\"url\":\"https:\/\/nocheinvestigag9.es\/2020\/\",\"logo\":{\"@type\":\"ImageObject\",\"inLanguage\":\"es\",\"@id\":\"https:\/\/nocheinvestigag9.es\/2020\/#\/schema\/logo\/image\/\",\"url\":\"https:\/\/nocheinvestigag9.es\/2020\/wp-content\/uploads\/logo.jpg\",\"contentUrl\":\"https:\/\/nocheinvestigag9.es\/2020\/wp-content\/uploads\/logo.jpg\",\"width\":512,\"height\":512,\"caption\":\"Noche de los Investigadores e Investigadoras\"},\"image\":{\"@id\":\"https:\/\/nocheinvestigag9.es\/2020\/#\/schema\/logo\/image\/\"}}]}<\/script>\r\n<!-- \/ Yoast SEO plugin. -->","yoast_head_json":{"title":"El Proyecto &raquo; Noche Europea de los Investigadores e Investigadoras","robots":{"index":"index","follow":"follow","max-snippet":"max-snippet:-1","max-image-preview":"max-image-preview:large","max-video-preview":"max-video-preview:-1"},"canonical":"https:\/\/nocheinvestigag9.es\/2020\/el-proyecto\/","og_locale":"es_ES","og_type":"article","og_title":"El Proyecto &raquo; Noche Europea de los Investigadores e Investigadoras","og_description":"&iquest;Qui&eacute;nes somos? Las instituciones que integran el Grupo 9 de [&hellip;]","og_url":"https:\/\/nocheinvestigag9.es\/2020\/el-proyecto\/","og_site_name":"Noche Europea de los Investigadores e Investigadoras","article_modified_time":"2020-10-16T08:47:44+00:00","og_image":[{"url":"https:\/\/nocheinvestigag9.es\/2020\/wp-content\/uploads\/IMG_5001-300x200.jpg"}],"twitter_card":"summary_large_image","twitter_misc":{"Tiempo de lectura":"3 minutos"},"schema":{"@context":"https:\/\/schema.org","@graph":[{"@type":"WebPage","@id":"https:\/\/nocheinvestigag9.es\/2020\/el-proyecto\/","url":"https:\/\/nocheinvestigag9.es\/2020\/el-proyecto\/","name":"El Proyecto &raquo; Noche Europea de los Investigadores e Investigadoras","isPartOf":{"@id":"https:\/\/nocheinvestigag9.es\/2020\/#website"},"datePublished":"2020-06-21T09:00:00+00:00","dateModified":"2020-10-16T08:47:44+00:00","breadcrumb":{"@id":"https:\/\/nocheinvestigag9.es\/2020\/el-proyecto\/#breadcrumb"},"inLanguage":"es","potentialAction":[{"@type":"ReadAction","target":["https:\/\/nocheinvestigag9.es\/2020\/el-proyecto\/"]}]},{"@type":"BreadcrumbList","@id":"https:\/\/nocheinvestigag9.es\/2020\/el-proyecto\/#breadcrumb","itemListElement":[{"@type":"ListItem","position":1,"name":"Portada","item":"https:\/\/nocheinvestigag9.es\/2020\/"},{"@type":"ListItem","position":2,"name":"El Proyecto"}]},{"@type":"WebSite","@id":"https:\/\/nocheinvestigag9.es\/2020\/#website","url":"https:\/\/nocheinvestigag9.es\/2020\/","name":"Noche Europea de los Investigadores e Investigadoras","description":"Grupo G9 de universidades","publisher":{"@id":"https:\/\/nocheinvestigag9.es\/2020\/#organization"},"potentialAction":[{"@type":"SearchAction","target":{"@type":"EntryPoint","urlTemplate":"https:\/\/nocheinvestigag9.es\/2020\/?s={search_term_string}"},"query-input":"required name=search_term_string"}],"inLanguage":"es"},{"@type":"Organization","@id":"https:\/\/nocheinvestigag9.es\/2020\/#organization","name":"Noche de los Investigadores e Investigadoras","url":"https:\/\/nocheinvestigag9.es\/2020\/","logo":{"@type":"ImageObject","inLanguage":"es","@id":"https:\/\/nocheinvestigag9.es\/2020\/#\/schema\/logo\/image\/","url":"https:\/\/nocheinvestigag9.es\/2020\/wp-content\/uploads\/logo.jpg","contentUrl":"https:\/\/nocheinvestigag9.es\/2020\/wp-content\/uploads\/logo.jpg","width":512,"height":512,"caption":"Noche de los Investigadores e Investigadoras"},"image":{"@id":"https:\/\/nocheinvestigag9.es\/2020\/#\/schema\/logo\/image\/"}}]}},"_links":{"self":[{"href":"https:\/\/nocheinvestigag9.es\/2020\/wp-json\/wp\/v2\/pages\/3075"}],"collection":[{"href":"https:\/\/nocheinvestigag9.es\/2020\/wp-json\/wp\/v2\/pages"}],"about":[{"href":"https:\/\/nocheinvestigag9.es\/2020\/wp-json\/wp\/v2\/types\/page"}],"author":[{"embeddable":true,"href":"https:\/\/nocheinvestigag9.es\/2020\/wp-json\/wp\/v2\/users\/2"}],"replies":[{"embeddable":true,"href":"https:\/\/nocheinvestigag9.es\/2020\/wp-json\/wp\/v2\/comments?post=3075"}],"version-history":[{"count":9,"href":"https:\/\/nocheinvestigag9.es\/2020\/wp-json\/wp\/v2\/pages\/3075\/revisions"}],"predecessor-version":[{"id":4073,"href":"https:\/\/nocheinvestigag9.es\/2020\/wp-json\/wp\/v2\/pages\/3075\/revisions\/4073"}],"wp:attachment":[{"href":"https:\/\/nocheinvestigag9.es\/2020\/wp-json\/wp\/v2\/media?parent=3075"}],"curies":[{"name":"wp","href":"https:\/\/api.w.org\/{rel}","templated":true}]}}